{"id":23,"date":"2019-11-22T20:56:34","date_gmt":"2019-11-22T20:56:34","guid":{"rendered":"https:\/\/acligphoto.fr\/?page_id=23"},"modified":"2019-12-01T18:20:56","modified_gmt":"2019-12-01T17:20:56","slug":"apngraff-en-quelques-mots","status":"publish","type":"page","link":"https:\/\/acligphoto.fr\/?page_id=23","title":{"rendered":"L&rsquo;Atelier Photo Illkirch en quelques mots"},"content":{"rendered":"\n<p><\/p>\n\n\n\n<p><\/p>\n\n\n\n<p><\/p>\n\n\n\n<div class=\"wp-block-media-text alignwide\"><figure class=\"wp-block-media-text__media\"><img loading=\"lazy\" decoding=\"async\" width=\"644\" height=\"1024\" src=\"https:\/\/acligphoto.fr\/wp-content\/uploads\/2019\/11\/filippini-illkirch-site-1-644x1024.jpg\" alt=\"\" class=\"wp-image-30\" srcset=\"https:\/\/acligphoto.fr\/wp-content\/uploads\/2019\/11\/filippini-illkirch-site-1-644x1024.jpg 644w, https:\/\/acligphoto.fr\/wp-content\/uploads\/2019\/11\/filippini-illkirch-site-1-189x300.jpg 189w, https:\/\/acligphoto.fr\/wp-content\/uploads\/2019\/11\/filippini-illkirch-site-1.jpg 758w\" sizes=\"auto, (max-width: 644px) 100vw, 644px\" \/><\/figure><div class=\"wp-block-media-text__content\">\n<p style=\"font-size:21px\"><strong>L<\/strong>&lsquo;Atelier  Photo d\u2019Illkirch c\u2019est qui, c&rsquo;est quoi ? <strong>L<\/strong>&lsquo;Atelier  Photo d\u2019Illkirch est une des nombreuses activit\u00e9s propuls\u00e9es et abrit\u00e9es par <a rel=\"noreferrer noopener\" aria-label=\" (s\u2019ouvre dans un nouvel onglet)\" href=\"http:\/\/aclig.fr\/\" target=\"_blank\">L&rsquo;ACLIG<\/a>, Association culture et loisir d&rsquo;Illkirch Graffenstaden. C&rsquo;est qui : L&rsquo;Atelier  Photo d\u2019Illkirch  est tout d&rsquo;abord une  amicale d&rsquo;entraide de  photographes amateurs , il  s&rsquo;agit d&rsquo;y montrer ses r\u00e9alisations, de s&rsquo;y informer, de s&rsquo;y former et  d&rsquo;essayer de progresser dans cet <a rel=\"noreferrer noopener\" aria-label=\" (s\u2019ouvre dans un nouvel onglet)\" href=\"http:\/\/www.homme-moderne.org\/societe\/socio\/bourdieu\/artmoyen\/\" target=\"_blank\">\u00ab\u00a0<em>Art moyen<\/em><\/a>\u00a0\u00bb dont parlait si savamment  Pierre Bourdieu.<\/p>\n\n\n\n<p style=\"font-size:21px\"><strong>D<\/strong>es r\u00e9unions, des projections, des ateliers, des sorties etc\u2026les photographes de L&rsquo;Atelier  Photo d\u2019Illkirch ne sont pas scotch\u00e9s \u00e0 leur(s) \u00e9cran(s). ils essaieront \u00e9galement de privil\u00e9gier les attitudes les plus amicales et les plus constructives dans leurs rapports entre eux et de prot\u00e9ger cet \u00e9tat d\u2019esprit comme un bien pr\u00e9cieux.<\/p>\n<\/div><\/div>\n\n\n\n<p><\/p>\n\n\n\n<p><\/p>\n\n\n\n<p><\/p>\n\n\n\n<p><\/p>\n","protected":false},"excerpt":{"rendered":"<p>L&lsquo;Atelier Photo d\u2019Illkirch c\u2019est qui, c&rsquo;est quoi ? L&lsquo;Atelier Photo d\u2019Illkirch est une des nombreuses activit\u00e9s propuls\u00e9es et abrit\u00e9es par L&rsquo;ACLIG, Association culture et loisir d&rsquo;Illkirch Graffenstaden. C&rsquo;est qui : L&rsquo;Atelier Photo d\u2019Illkirch est tout d&rsquo;abord une amicale d&rsquo;entraide de photographes amateurs , il s&rsquo;agit d&rsquo;y montrer ses r\u00e9alisations, de s&rsquo;y informer, de s&rsquo;y former&#8230; <\/p>\n<div class=\"link-more\"><a href=\"https:\/\/acligphoto.fr\/?page_id=23\">Lire plus<\/a><\/div>\n","protected":false},"author":1,"featured_media":0,"parent":0,"menu_order":0,"comment_status":"closed","ping_status":"closed","template":"","meta":{"_bbp_topic_count":0,"_bbp_reply_count":0,"_bbp_total_topic_count":0,"_bbp_total_reply_count":0,"_bbp_voice_count":0,"_bbp_anonymous_reply_count":0,"_bbp_topic_count_hidden":0,"_bbp_reply_count_hidden":0,"_bbp_forum_subforum_count":0,"footnotes":""},"class_list":["post-23","page","type-page","status-publish","hentry"],"_links":{"self":[{"href":"https:\/\/acligphoto.fr\/index.php?rest_route=\/wp\/v2\/pages\/23","targetHints":{"allow":["GET"]}}],"collection":[{"href":"https:\/\/acligphoto.fr\/index.php?rest_route=\/wp\/v2\/pages"}],"about":[{"href":"https:\/\/acligphoto.fr\/index.php?rest_route=\/wp\/v2\/types\/page"}],"author":[{"embeddable":true,"href":"https:\/\/acligphoto.fr\/index.php?rest_route=\/wp\/v2\/users\/1"}],"replies":[{"embeddable":true,"href":"https:\/\/acligphoto.fr\/index.php?rest_route=%2Fwp%2Fv2%2Fcomments&post=23"}],"version-history":[{"count":9,"href":"https:\/\/acligphoto.fr\/index.php?rest_route=\/wp\/v2\/pages\/23\/revisions"}],"predecessor-version":[{"id":329,"href":"https:\/\/acligphoto.fr\/index.php?rest_route=\/wp\/v2\/pages\/23\/revisions\/329"}],"wp:attachment":[{"href":"https:\/\/acligphoto.fr\/index.php?rest_route=%2Fwp%2Fv2%2Fmedia&parent=23"}],"curies":[{"name":"wp","href":"https:\/\/api.w.org\/{rel}","templated":true}]}}